{"id":6075,"date":"2018-01-09T11:32:40","date_gmt":"2018-01-09T11:32:40","guid":{"rendered":"https:\/\/guapahome.com\/?page_id=6075"},"modified":"2019-12-30T20:56:40","modified_gmt":"2019-12-30T20:56:40","slug":"terms-and-conditions","status":"publish","type":"page","link":"https:\/\/guapahome.com\/en\/terms-and-conditions\/","title":{"rendered":"Terms and conditions"},"content":{"rendered":"<p>GENERAL TERMS AND CONDITIONS<\/p>\n<p>1. General provisions<\/p>\n<p>Seller:<br \/>\nEva Kocn\u00e1rov\u00e1<br \/>\n\u017derot\u00ednova 61<br \/>\nPrague 13000<br \/>\nCzech Republic<\/p>\n<p>I\u010c: 74928970<br \/>\nDI\u010c: CZ7662108608<\/p>\n<p>Contact:<br \/>\nhello@guapahome.com<br \/>\n+420 737 080 247<\/p>\n<p>Buyer:<br \/>\nBuyer is a natural or legal person who has entered into a business relationship with the seller as<br \/>\nthe customer(s) of the products that are sold by the seller via the online store that is<br \/>\npart of www.guapahome.com. The Buyer&#8217;s order becomes binding as soon as the Seller has accepted it. All orders are subject to availability.\u00a0You are responsible for checking and confirming that you are satisfied that all details and aspects of your order are correct and suitable for your requirements. Once an order has been accepted, the Buyer confirms that he\/she accepts all business conditions for delivery of goods declared by the seller. Relationships between the buyer and the seller are governed by these business terms, which are binding for both parties. Buyer(s) are aware that the designs used on the seller&#8217;s website are protected by copyright law and the purchase of goods does not give the Buyer(s) any rights for their further use in order to obtain financial gains.<\/p>\n<p>2. Ordering and payment<br \/>\nYou can buy a) online through our online store, which is part of www.guapahome.com,<br \/>\nor b) by e-mail order at hello@guapahome.com.<\/p>\n<p>a) Shopping Online via the Online Store: in the <a href=\"https:\/\/guapahome.com\/en\/en-wallpaper-e-shop\/\">Wallpapers<\/a>, <a href=\"https:\/\/guapahome.com\/en\/fabrics\/\">Fabrics<\/a> and <a href=\"https:\/\/guapahome.com\/en\/accessories\/\">Accessories<\/a> section, the Buyer selects the goods he\/she wishes to buy, click on the button &#8220;Add to Cart&#8221;. The goods will be placed in the Buyer&#8217;s shopping cart. The Buyer can modify the order in the shopping cart by selecting the number of pieces of the selected product. After this the Buyer can decide wether to fulfil the purchase or<br \/>\ncontinue shopping. If the Buyer decides to close his\/hers purchase, he\/she will click on the button<br \/>\nPAY. The Buyer will then be redirected to the PayPal payment portal where he\/she will be able to<br \/>\npay with either PayPal or most credit cards. After the payment<br \/>\nthe Buyer receives a confirmation from PayPall about a successful transaction, he\/she will receive an order confirmation within 24 hours on the e-mail provided during payment.<\/p>\n<p>b) If ordering via hello@guapahome.com, the Buyer is required to specify in the message details about goods he\/she wishes to order, including the name, colour variant (if applicable), order quantity, contact details and delivery address. The Buyer will receive on this same e-mail address an order confirmation within 24 hours which will include payment and delivery options.<\/p>\n<p>The seller reserves the right to withdraw any Products from this Website at any time and\/or remove or edit any materials or content on this Website. We may refuse to process a transaction for any reason or refuse service to anyone at any time at our sole discretion. We will not be liable to you or any third party by reason of our withdrawing any Product from this Website whether or not that Product has been sold; removing or editing any materials or content on the Website; refusing to process a transaction or unwinding or suspending any transaction after processing has begun.\u00a0If the Buyer has already paid part or all of the purchase price, the Seller will transfer that amount back to his account within the next 14 days.<\/p>\n<p>3. Cancellation of the order<br \/>\nThe order can be canceled by email at hello@guapahome.com or by phone +420 737 080 247 within 12 hours of ordering without giving any reason.<\/p>\n<p>4. Delivery conditions<br \/>\nThe Buyer&#8217;s order will be processed within 10 business days. If the goods are not in stock, there is a delivery\u00a0deadline of 21 working days. The Buyer must pick the country of delivery when ordering goods during check-out process. Postage refers to the delivery of goods within the Slovak Republic and the Czech Republic.<br \/>\nFor orders from other EU countries postage is set individually depending on country and weight<br \/>\nof goods according to the carrier&#8217;s current price plan. More information is available on request at hello@guapahome.com. Each shipment is accompanied by an invoice &#8211; a tax document.<\/p>\n<p>5. Wholesale terms<br \/>\nThese are available on request at hello@guapahome.com or by phone at +420 737 080 247.<\/p>\n<p>6. Complaints &amp; Returns<br \/>\nAny complaints and\/or returns can be solved either by phone +420 737 080 247 or by email at hello@guapahome.com.<br \/>\nUpon reception of the goods the Buyer is kindly asked to check the Products carefully for any possible defects or damage.<br \/>\nThe Buyer is required to inform the Seller about any defects within 24 hours of reception of goods, by phone or e-mail.<br \/>\nWe are not responsible for damages caused by carriers and\/or postal services.\u00a0\u2018Defective products\u2019 does not cover wear and tear, neglect, abuse or misuse of your goods, loss or damage, fire, smoke, explosion, lighting, sunlight, infestation by animals or boring insects, theft or loss or accidental damage caused by a third party.<\/p>\n<p>Return Procedure:<br \/>\n1) inform the Seller about the defect by phone or e-mail<br \/>\n2) send the damaged goods as a track&amp;trace package to the address below within 14 days of reception of the goods<br \/>\nAddress: Eva Kocn\u00e1rov\u00e1, \u017derot\u00ednova 61, Prague 13000, Czech Republic<br \/>\n3) include within your shipment the reason for returning the goods as well as your delivery address<br \/>\n4) attach a copy of the proof of purchase received from the Seller (invoice)<\/p>\n<p>Upon reception of the returned goods we will contact you by e-mail or telephone immediately<br \/>\nto solve the problem.<br \/>\nThe seller is not responsible for the possible loss of the shipment of the damaged goods from the Buyer to the Seller.<br \/>\nBased on your preferences, we will replace the damaged goods with a new non-defective goods or refund the appropriate amount for the damaged goods. We provide a warranty period for all products according to the Civil Code<br \/>\nPlease note that our warranty applies only to undamaged and unused goods.<br \/>\nOnce the product has been cared for in any way (washing, cleaning) it is no longer considered to be unused.<br \/>\nThe return period begins on the day when the Seller receives the damaged goods and ends when<br \/>\nthe Seller dispatches the shipment with the non-defective goods (based on the stamp of the post office).<br \/>\nThe shipping and packaging will not be refunded to the Buyer.<\/p>\n<p>7. Privacy policy:<br \/>\nOnce the Buyer becomes a customer on the Seller&#8217;s online store, he\/she consents that the Buyer&#8217;s personal information and purchase information\u00a0will be collected and used. Information about the Buyer&#8217;s purchases in the Seller&#8217;s online store is collected to ensure the smooth delivery of goods and handling complaints.<br \/>\nThe Seller will respect the privacy of the Buyer&#8217;s personal data, and will comply with all relevant and current data protection legislation. The Seller will not disclose the Buyer&#8217;s personal data to anyone, unless required to do so by a court of competent jurisdiction or to shipping companies in case the Buyer specifies this kind of shipment method.<\/p>\n<p>These Terms and Conditions are valid from 23.9. 2016<\/p>\n","protected":false},"excerpt":{"rendered":"<p>GENERAL TERMS AND CONDITIONS 1. General provisions Seller: Eva Kocn\u00e1rov\u00e1 \u017derot\u00ednova 61 Prague 13000 Czech Republic I\u010c: 74928970 DI\u010c: CZ7662108608 Contact: hello@guapahome.com +420 737 080 247 Buyer: Buyer is a natural or legal person who has entered into a business relationship with the seller as the customer(s) of the products that are sold by the &hellip;<\/p>\n","protected":false},"author":1,"featured_media":0,"parent":0,"menu_order":0,"comment_status":"closed","ping_status":"closed","template":"","meta":[],"_links":{"self":[{"href":"https:\/\/guapahome.com\/en\/wp-json\/wp\/v2\/pages\/6075"}],"collection":[{"href":"https:\/\/guapahome.com\/en\/wp-json\/wp\/v2\/pages"}],"about":[{"href":"https:\/\/guapahome.com\/en\/wp-json\/wp\/v2\/types\/page"}],"author":[{"embeddable":true,"href":"https:\/\/guapahome.com\/en\/wp-json\/wp\/v2\/users\/1"}],"replies":[{"embeddable":true,"href":"https:\/\/guapahome.com\/en\/wp-json\/wp\/v2\/comments?post=6075"}],"version-history":[{"count":3,"href":"https:\/\/guapahome.com\/en\/wp-json\/wp\/v2\/pages\/6075\/revisions"}],"predecessor-version":[{"id":6399,"href":"https:\/\/guapahome.com\/en\/wp-json\/wp\/v2\/pages\/6075\/revisions\/6399"}],"wp:attachment":[{"href":"https:\/\/guapahome.com\/en\/wp-json\/wp\/v2\/media?parent=6075"}],"curies":[{"name":"wp","href":"https:\/\/api.w.org\/{rel}","templated":true}]}}