{"id":6063,"date":"2018-01-09T10:22:29","date_gmt":"2018-01-09T10:22:29","guid":{"rendered":"https:\/\/guapahome.com\/?page_id=6063"},"modified":"2018-01-09T10:29:24","modified_gmt":"2018-01-09T10:29:24","slug":"press_events","status":"publish","type":"page","link":"https:\/\/guapahome.com\/en\/press_events\/","title":{"rendered":"Press &#038; Events"},"content":{"rendered":"<p>&nbsp; Press Interi\u00e9r Exteri\u00e9r 9\/2017 H.O.M.I.E 11\/2014 Evita 11\/2016 Interi\u00e9r Exteri\u00e9r 11\/2013 H.O.M.I.E 9\/2016 P\u011bkn\u00e9 bydlen\u00ed 5\/2016 &nbsp; Events Bratislava Design Week 2017 7. &#8211; 11.6.2017 12.madeinhungary + 05.MeeDdesign without Borders 1. 4. &#8211; 5. 7. 2017 <a href=\"https:\/\/guapahome.com\/en\/press_events\/\" title=\"Read more on Press &#038; Events\" class=\"more-link\">read more<\/a><\/p>\n","protected":false},"excerpt":{"rendered":"<p>&nbsp; Press Interi\u00e9r Exteri\u00e9r 9\/2017 H.O.M.I.E 11\/2014 Evita 11\/2016 Interi\u00e9r Exteri\u00e9r 11\/2013 H.O.M.I.E 9\/2016 P\u011bkn\u00e9 bydlen\u00ed 5\/2016 &nbsp; Events Bratislava Design Week 2017 7. &#8211; 11.6.2017 12.madeinhungary + 05.MeeDdesign without Borders 1. 4. &#8211; 5. 7. 2017 read more<\/p>\n","protected":false},"author":1,"featured_media":0,"parent":0,"menu_order":0,"comment_status":"closed","ping_status":"closed","template":"","meta":[],"_links":{"self":[{"href":"https:\/\/guapahome.com\/en\/wp-json\/wp\/v2\/pages\/6063"}],"collection":[{"href":"https:\/\/guapahome.com\/en\/wp-json\/wp\/v2\/pages"}],"about":[{"href":"https:\/\/guapahome.com\/en\/wp-json\/wp\/v2\/types\/page"}],"author":[{"embeddable":true,"href":"https:\/\/guapahome.com\/en\/wp-json\/wp\/v2\/users\/1"}],"replies":[{"embeddable":true,"href":"https:\/\/guapahome.com\/en\/wp-json\/wp\/v2\/comments?post=6063"}],"version-history":[{"count":4,"href":"https:\/\/guapahome.com\/en\/wp-json\/wp\/v2\/pages\/6063\/revisions"}],"predecessor-version":[{"id":6069,"href":"https:\/\/guapahome.com\/en\/wp-json\/wp\/v2\/pages\/6063\/revisions\/6069"}],"wp:attachment":[{"href":"https:\/\/guapahome.com\/en\/wp-json\/wp\/v2\/media?parent=6063"}],"curies":[{"name":"wp","href":"https:\/\/api.w.org\/{rel}","templated":true}]}}