{"id":6451,"date":"2021-07-20T16:42:10","date_gmt":"2021-07-20T16:42:10","guid":{"rendered":"https:\/\/guapahome.com\/?post_type=product&#038;p=6451"},"modified":"2021-07-21T05:18:08","modified_gmt":"2021-07-21T05:18:08","slug":"mood-adventure","status":"publish","type":"product","link":"https:\/\/guapahome.com\/cs\/produkt\/mood-adventure\/","title":{"rendered":"Adventure | 25"},"content":{"rendered":"<p>Vliesov\u00e1 n\u00e1stenn\u00e1 tapeta s hladk\u00fdm povrchom, zmes netkanej text\u00edlie a celul\u00f3zy bez obsahu PVC.<br \/>\nT\u00e1to ekologick\u00e1 tapeta je opatren\u00e1 certifik\u00e1tom Oeko-Tex\u00ae Standard 100 a sp\u013a\u0148a celoeur\u00f3pske normy pre nehor\u013eavos\u0165 EN 1350.<\/p>\n<p>Plo\u0161n\u00e1 hmotnos\u0165: cca 190 g\/m2<\/p>\n<p>Aplikujte pomocou tapetov\u00e9ho lepidla. Tapetu je mo\u017en\u00e9 \u010disti\u0165 teplou vodou a mydlom s pou\u017eit\u00edm m\u00e4kkej \u0161pongie.<\/p>\n<p>&nbsp;<\/p>\n<p>&nbsp;<\/p>\n","protected":false},"excerpt":{"rendered":"<p>Rozmer rolky: 0,70m x 7m<\/p>\n<p>&nbsp;<\/p>\n","protected":false},"featured_media":6465,"template":"","meta":[],"_links":{"self":[{"href":"https:\/\/guapahome.com\/cs\/wp-json\/wp\/v2\/product\/6451"}],"collection":[{"href":"https:\/\/guapahome.com\/cs\/wp-json\/wp\/v2\/product"}],"about":[{"href":"https:\/\/guapahome.com\/cs\/wp-json\/wp\/v2\/types\/product"}],"wp:featuredmedia":[{"embeddable":true,"href":"https:\/\/guapahome.com\/cs\/wp-json\/wp\/v2\/media\/6465"}],"wp:attachment":[{"href":"https:\/\/guapahome.com\/cs\/wp-json\/wp\/v2\/media?parent=6451"}],"curies":[{"name":"wp","href":"https:\/\/api.w.org\/{rel}","templated":true}]}}