{"id":5168,"date":"2017-09-10T15:14:41","date_gmt":"2017-09-10T15:14:41","guid":{"rendered":"https:\/\/guapahome.com\/produkt\/70s-mocca\/"},"modified":"2017-12-07T13:13:42","modified_gmt":"2017-12-07T13:13:42","slug":"70s-mocca","status":"publish","type":"product","link":"https:\/\/guapahome.com\/cs\/produkt\/70s-mocca\/","title":{"rendered":"Seventees | Mocca"},"content":{"rendered":"<p>Vliesov\u00e1 n\u00e1st\u011bnn\u00e1 tapeta s hladk\u00fdm povrchem, sm\u011bs netkan\u00e9 text\u00edlie a celul\u00f3zy bez obsahu PVC.<br \/>\nTato ekologick\u00e1 tapeta je opat\u0159ena certifik\u00e1tem Oeko-Tex\u00ae Standard 100 a spl\u0148uje celoevropsk\u00e9 normy pro neho\u0159lavost EN 1350.<\/p>\n<p>Plo\u0161n\u00e1 hmotnost: cca 190 g\/m2<\/p>\n<p>Aplikujte pomoc\u00ed tapetov\u00e9ho lepidla. Tapetu je mo\u017en\u00e9 \u010distit teplou vodou a m\u00fddlem s pou\u017eit\u00edm m\u011bkk\u00e9 houbi\u010dky.<\/p>\n","protected":false},"excerpt":{"rendered":"<p>Rozm\u011br rolky: 0,70m x 7m<\/p>\n<p>&nbsp;<\/p>\n","protected":false},"featured_media":4857,"template":"","meta":[],"_links":{"self":[{"href":"https:\/\/guapahome.com\/cs\/wp-json\/wp\/v2\/product\/5168"}],"collection":[{"href":"https:\/\/guapahome.com\/cs\/wp-json\/wp\/v2\/product"}],"about":[{"href":"https:\/\/guapahome.com\/cs\/wp-json\/wp\/v2\/types\/product"}],"wp:featuredmedia":[{"embeddable":true,"href":"https:\/\/guapahome.com\/cs\/wp-json\/wp\/v2\/media\/4857"}],"wp:attachment":[{"href":"https:\/\/guapahome.com\/cs\/wp-json\/wp\/v2\/media?parent=5168"}],"curies":[{"name":"wp","href":"https:\/\/api.w.org\/{rel}","templated":true}]}}