{"id":6177,"date":"2018-01-20T17:05:16","date_gmt":"2018-01-20T17:05:16","guid":{"rendered":"https:\/\/guapahome.com\/?page_id=6177"},"modified":"2018-03-06T11:16:16","modified_gmt":"2018-03-06T11:16:16","slug":"reference","status":"publish","type":"page","link":"https:\/\/guapahome.com\/cs\/reference\/","title":{"rendered":"Reference"},"content":{"rendered":"<p>\u010casopisy Dolcevita\u00a02\/2018 P\u011bkn\u00e9 bydlen\u00ed 5\/2016 Interi\u00e9r Exteri\u00e9r 9\/2017 H.O.M.I.E 11\/2014 Evita 11\/2016 Interi\u00e9r Exteri\u00e9r 11\/2013 H.O.M.I.E 9\/2016 V\u00fdstavy Bratislava Design Week 2017 7. &#8211; 11.6.2017 Na BADW 2017 jsme p\u0159edstavili koncept &#8222;MIMIKRI&#8220;, kdy j <a href=\"https:\/\/guapahome.com\/cs\/reference\/\" title=\"Read more on Reference\" class=\"more-link\">read more<\/a><\/p>\n","protected":false},"excerpt":{"rendered":"<p>\u010casopisy Dolcevita\u00a02\/2018 P\u011bkn\u00e9 bydlen\u00ed 5\/2016 Interi\u00e9r Exteri\u00e9r 9\/2017 H.O.M.I.E 11\/2014 Evita 11\/2016 Interi\u00e9r Exteri\u00e9r 11\/2013 H.O.M.I.E 9\/2016 V\u00fdstavy Bratislava Design Week 2017 7. &#8211; 11.6.2017 Na BADW 2017 jsme p\u0159edstavili koncept &#8222;MIMIKRI&#8220;, kdy j read more<\/p>\n","protected":false},"author":3,"featured_media":0,"parent":0,"menu_order":0,"comment_status":"closed","ping_status":"closed","template":"","meta":[],"_links":{"self":[{"href":"https:\/\/guapahome.com\/cs\/wp-json\/wp\/v2\/pages\/6177"}],"collection":[{"href":"https:\/\/guapahome.com\/cs\/wp-json\/wp\/v2\/pages"}],"about":[{"href":"https:\/\/guapahome.com\/cs\/wp-json\/wp\/v2\/types\/page"}],"author":[{"embeddable":true,"href":"https:\/\/guapahome.com\/cs\/wp-json\/wp\/v2\/users\/3"}],"replies":[{"embeddable":true,"href":"https:\/\/guapahome.com\/cs\/wp-json\/wp\/v2\/comments?post=6177"}],"version-history":[{"count":10,"href":"https:\/\/guapahome.com\/cs\/wp-json\/wp\/v2\/pages\/6177\/revisions"}],"predecessor-version":[{"id":6302,"href":"https:\/\/guapahome.com\/cs\/wp-json\/wp\/v2\/pages\/6177\/revisions\/6302"}],"wp:attachment":[{"href":"https:\/\/guapahome.com\/cs\/wp-json\/wp\/v2\/media?parent=6177"}],"curies":[{"name":"wp","href":"https:\/\/api.w.org\/{rel}","templated":true}]}}