{"id":6055,"date":"2018-01-08T13:58:25","date_gmt":"2018-01-08T13:58:25","guid":{"rendered":"https:\/\/guapahome.com\/?page_id=6055"},"modified":"2018-01-20T17:58:57","modified_gmt":"2018-01-20T17:58:57","slug":"referencezaklad","status":"publish","type":"page","link":"https:\/\/guapahome.com\/cs\/referencezaklad\/","title":{"rendered":"Reference_zaklad"},"content":{"rendered":"<p>\u010casopisy Interi\u00e9r Exteri\u00e9r 9\/2017 H.O.M.I.E 11\/2014 Evita 11\/2016 Interi\u00e9r Exteri\u00e9r 11\/2013 H.O.M.I.E 9\/2016 P\u011bkn\u00e9 bydlen\u00ed 5\/2016 V\u00fdstavy Bratislava Design Week 2017 7. &#8211; 11.6.2017 12.madeinhungary + 05.MeeDdesign without Borders 1. 4. &#8211; 5. 7. 2017 Czech Des <a href=\"https:\/\/guapahome.com\/cs\/referencezaklad\/\" title=\"Read more on Reference_zaklad\" class=\"more-link\">read more<\/a><\/p>\n","protected":false},"excerpt":{"rendered":"<p>\u010casopisy Interi\u00e9r Exteri\u00e9r 9\/2017 H.O.M.I.E 11\/2014 Evita 11\/2016 Interi\u00e9r Exteri\u00e9r 11\/2013 H.O.M.I.E 9\/2016 P\u011bkn\u00e9 bydlen\u00ed 5\/2016 V\u00fdstavy Bratislava Design Week 2017 7. &#8211; 11.6.2017 12.madeinhungary + 05.MeeDdesign without Borders 1. 4. &#8211; 5. 7. 2017 Czech Des read more<\/p>\n","protected":false},"author":3,"featured_media":0,"parent":0,"menu_order":0,"comment_status":"closed","ping_status":"closed","template":"","meta":[],"_links":{"self":[{"href":"https:\/\/guapahome.com\/cs\/wp-json\/wp\/v2\/pages\/6055"}],"collection":[{"href":"https:\/\/guapahome.com\/cs\/wp-json\/wp\/v2\/pages"}],"about":[{"href":"https:\/\/guapahome.com\/cs\/wp-json\/wp\/v2\/types\/page"}],"author":[{"embeddable":true,"href":"https:\/\/guapahome.com\/cs\/wp-json\/wp\/v2\/users\/3"}],"replies":[{"embeddable":true,"href":"https:\/\/guapahome.com\/cs\/wp-json\/wp\/v2\/comments?post=6055"}],"version-history":[{"count":2,"href":"https:\/\/guapahome.com\/cs\/wp-json\/wp\/v2\/pages\/6055\/revisions"}],"predecessor-version":[{"id":6182,"href":"https:\/\/guapahome.com\/cs\/wp-json\/wp\/v2\/pages\/6055\/revisions\/6182"}],"wp:attachment":[{"href":"https:\/\/guapahome.com\/cs\/wp-json\/wp\/v2\/media?parent=6055"}],"curies":[{"name":"wp","href":"https:\/\/api.w.org\/{rel}","templated":true}]}}