{"id":5516,"date":"2017-12-07T09:04:11","date_gmt":"2017-12-07T09:04:11","guid":{"rendered":"https:\/\/guapahome.com\/?page_id=5516"},"modified":"2020-02-22T22:08:01","modified_gmt":"2020-02-22T22:08:01","slug":"obchodne-podmienky","status":"publish","type":"page","link":"https:\/\/guapahome.com\/cs\/obchodne-podmienky\/","title":{"rendered":"Obchodn\u00ed podm\u00ednky"},"content":{"rendered":"<p>V\u0160EOBECN\u00cd OBCHODN\u00cd PODM\u00cdNKY<\/p>\n<p>1. V\u0161eobecn\u00ed ustanoven\u00ed<\/p>\n<p>Prod\u00e1vaj\u00edc\u00ed:<br \/>\nEva Kocn\u00e1rov\u00e1<br \/>\n\u017derot\u00ednova 61<br \/>\nPraha 13000<br \/>\n\u010cesk\u00e1 republika<\/p>\n<p>I\u010c: 74928970<br \/>\nDI\u010c: CZ7662108608<\/p>\n<p>Kontakt:<br \/>\nhello@guapahome.com<br \/>\n+420 737 080 247<\/p>\n<p>Kupuj\u00edc\u00ed:<br \/>\nKupuj\u00edc\u00edm je fyzick\u00e1 nebo pr\u00e1vnick\u00e1 osoba, kter\u00e1 vstoupila do obchodn\u00edho vztahu s prod\u00e1vaj\u00edc\u00edm jako<br \/>\nodb\u011bratel (z\u00e1kazn\u00edk) produkt\u016f od prod\u00e1vaj\u00edc\u00edho prost\u0159ednictv\u00edm internetov\u00e9ho obchodu, kter\u00fd je<br \/>\nsou\u010d\u00e1st\u00ed webu www.guapahome.com. Kupuj\u00edc\u00ed potvrzen\u00edm z\u00e1vazn\u00ed objedn\u00e1vky potvrzuje, \u017ee akceptuje<br \/>\nObchodn\u00ed podm\u00ednky\u00a0pro dod\u00e1vku zbo\u017e\u00ed stanoveny prod\u00e1vaj\u00edc\u00edm. Vztahy mezi kupuj\u00edc\u00edm<br \/>\na prod\u00e1vaj\u00edc\u00edm se \u0159\u00edd\u00ed t\u011bmito obchodn\u00edmi podm\u00ednkami, kter\u00e9 jsou z\u00e1rove\u0148 pro ob\u011b strany<br \/>\nz\u00e1vazn\u00e9. Kupuj\u00edc\u00ed si je v\u011bdom\u00fd, \u017ee vzory\u00a0pou\u017eity na produktech prod\u00e1vaj\u00edc\u00edho jsou chr\u00e1n\u011bny<br \/>\nautorsk\u00fdm pr\u00e1vem a n\u00e1kupem tovaru mu nevznikaj\u00ed \u017e\u00e1dn\u00e1 pr\u00e1va na jejich dal\u0161\u00ed pou\u017e\u00edv\u00e1n\u00ed<br \/>\ns\u00a0c\u00edlem z\u00edskat finan\u010dn\u00ed profit.<\/p>\n<p>2. Objedn\u00e1vky a platby<br \/>\nNakupovat je mo\u017en\u00e9\u00a0a) on-line prost\u0159ednictv\u00edm internetov\u00e9ho obchodu, kter\u00fd je sou\u010d\u00e1st\u00ed webu<br \/>\nwww.guapahome.com, nebo b) e-mailovou objedn\u00e1vkou na adrese hello@guapahome.com.<\/p>\n<p>a) \u00a0Nakupov\u00e1n\u00ed on-line p\u0159es internetov\u00fd obchod: v sekci <a href=\"http:\/\/www.guapahome.com\/tapety-eshop\/\" target=\"_blank\" rel=\"noopener\">Tapety,<\/a>\u00a0<a href=\"http:\/\/www.guapahome.com\/latky-eshop\/\" target=\"_blank\" rel=\"noopener\">L\u00e1tky<\/a> a <a href=\"http:\/\/www.guapahome.com\/doplnky\/\" target=\"_blank\" rel=\"noopener\">Doplnky<\/a> si vyberte tovar, klikn\u011bte my\u0161\u00ed<br \/>\nna ikonu\u00a0\u201eP\u0159idat do ko\u0161\u00edku\u201c. Tovar se vlo\u017e\u00ed do n\u00e1kupn\u00edho ko\u0161\u00edku. V\u00a0n\u00e1kupn\u00edm ko\u0161\u00edku si pak m\u016f\u017eete zvolit po\u010det<br \/>\nkus\u016f vybran\u00e9ho produktu. Pak se m\u016f\u017eete rozhodnout, jestli chcete n\u00e1kup uzav\u0159\u00edt a nebo pokra\u010dovat v nakupov\u00e1n\u00ed.<br \/>\nKdy\u017e se rozhodnete n\u00e1kup uzav\u0159\u00edt, klikn\u011bte na tla\u010d\u00edtko\u00a0ZAPLATIT. N\u00e1sledn\u011b budete p\u0159esm\u011brov\u00e1ni na platebn\u00ed<br \/>\nport\u00e1l\u00a0PayPal, kde budete m\u00edt mo\u017enost zaplatit prost\u0159ednictv\u00edm slu\u017eby PayPal\u00a0nebo pomoc\u00ed v\u011bt\u0161iny\u00a0kreditn\u00edch karet.<br \/>\nPo zaplacen\u00ed dostanete potvrzen\u00ed od platebn\u00edho port\u00e1lu PayPall o zrealizovan\u00e9 platb\u011b a do 24 hod. potvrzen\u00ed<br \/>\no p\u0159ijet\u00ed objedn\u00e1vky\u00a0na V\u00e1\u0161 e-mail.<\/p>\n<p>b)\u00a0\u00a0P\u0159i objedn\u00e1v\u00e1n\u00ed prost\u0159ednictv\u00edm e-mailu hello@guapahome.com je pot\u0159ebn\u00e9 ve zpr\u00e1v\u011b uv\u00e9st n\u00e1zev<br \/>\ntovaru,\u00a0u tapet barevn\u00ed variantu a objedn\u00e1van\u00e9 mno\u017estv\u00ed, kontaktn\u00ed \u00fadaje a doru\u010dovac\u00ed adresu.<br \/>\nDo 24.hod dostanete\u00a0na V\u00e1\u0161 e-mail potvrzen\u00ed o p\u0159ijet\u00ed objedn\u00e1vky a informaci o mo\u017enostech platby a doru\u010den\u00ed.<\/p>\n<p>Prod\u00e1vaj\u00edc\u00ed si vyhrazuje pr\u00e1vo nepotvrdit objedn\u00e1vku nebo jej\u00ed \u010d\u00e1st, pokud se tovar ji\u017e nevyr\u00e1b\u00ed a\/nebo<br \/>\nho\u00a0prod\u00e1vaj\u00edc\u00ed nem\u00e1 na sklad\u011b a\/nebo jsou zm\u011bny v\u00a0cen\u011b tovaru. V p\u0159\u00edpad\u011b, \u017ee tato situace<br \/>\nnastane, prod\u00e1vaj\u00edc\u00ed se zavazuje kontaktovat kupuj\u00edc\u00edho za \u00fa\u010delem dohody o dal\u0161\u00edm postupu.<br \/>\nV p\u0159\u00edpad\u011b, \u017ee kupuj\u00edc\u00ed ji\u017e zaplatil \u010d\u00e1st nebo celou kupn\u00ed cenu, p\u0159evedeme mu tuto \u010d\u00e1stku op\u011bt na jeho \u00fa\u010det.<\/p>\n<p>3. Storno objedn\u00e1vky<br \/>\nObjedn\u00e1vku je mo\u017en\u00e9 stornovat e-mailem na adrese hello@guapahome.com nebo telefonicky na \u010d\u00edsle<br \/>\n+420 737 080 247\u00a0 do 12 hodin od objedn\u00e1n\u00ed bez ud\u00e1n\u00ed d\u016fvodu.<\/p>\n<p>4. Dodac\u00ed podm\u00ednky<br \/>\nVa\u0161\u00ed objedn\u00e1vku standardn\u011b zpracujeme v pr\u016fb\u011bhu 10 pracovn\u00edch dn\u00ed. Pokud nen\u00ed tovar na sklad\u011b, je dodac\u00ed<br \/>\nlh\u016fta\u00a0pro doru\u010den\u00ed 21 pracovn\u00edch dn\u00ed. Zemi doru\u010den\u00ed si zvolte p\u0159i objedn\u00e1vce tovaru v\u00a0ko\u0161\u00edku.<br \/>\nPo\u0161tovn\u00ed n\u00e1klady se v\u00e1\u017eou na doru\u010den\u00ed tovaru v r\u00e1mci Slovensk\u00e9 republiky a \u010cesk\u00e9 republiky.<br \/>\nP\u0159i objedn\u00e1vk\u00e1ch z jin\u00fdch zem\u00ed EU se po\u0161tovn\u00ed n\u00e1klady stanovuj\u00ed individu\u00e1ln\u011b v z\u00e1vislosti od zem\u011b a hmotnosti<br \/>\nz\u00e1silky, podle aktu\u00e1ln\u00edho cen\u00edku dopravce. Podrobn\u011bj\u0161\u00ed informace poskytneme\u00a0na vy\u017e\u00e1d\u00e1n\u00ed na hello@guapahome.com.<br \/>\nV ka\u017ed\u00e9 z\u00e1silce je p\u0159ilo\u017een\u00e1 faktura \u2013 da\u0148ov\u00fd doklad.<\/p>\n<p>5. VOC \u2013 velkoobchodn\u00ed podm\u00ednky<br \/>\nJsou k dispozici na vy\u017e\u00e1d\u00e1n\u00ed na hello@guapahome.com nebo na telefonn\u00edm \u010d\u00edsle +420 737 080 247.<\/p>\n<p>6. Reklamace<br \/>\nReklamace se \u0159e\u0161\u00ed bu\u010f telefonicky na \u010d\u00edsle +420 737 080 247 nebo\u00a0e-mailem\u00a0na adrese hello@guapahome.com.<br \/>\nKupuj\u00edc\u00ed se zavazuje tovar po jeho p\u0159evzet\u00ed prohl\u00eddnout tak, aby zjistil p\u0159\u00edpadn\u00e9 vady a po\u0161kozen\u00ed.<br \/>\nP\u0159\u00edpadn\u00e9 vady je pot\u0159ebn\u00e9 ihned, nejpozd\u011bji pak do 24 hodin nahl\u00e1sit telefonicky nebo e-mailem.<br \/>\nZa chyby zp\u016fsoben\u00e9 p\u0159epravcem neru\u010d\u00edme. Ne\u00faplnou nebo po\u0161kozenou z\u00e1silku je nutn\u00e9 ihned ozn\u00e1mit<br \/>\ne-mailem na adresu\u00a0hello@guapahome.com, sepsat s dopravcem protokol o \u0161kod\u011b a zaslat ho e-mailem<br \/>\nnebo po\u0161tou prod\u00e1vaj\u00edc\u00edmu.<\/p>\n<p>Postup p\u0159i reklamaci:<br \/>\n1) informujte n\u00e1s o reklamaci telefonicky nebo e-mailem<br \/>\n2) tovar za\u0161lete nejpozd\u011bji do 14 dn\u00ed od obdr\u017een\u00ed z\u00e1silky na adresu<br \/>\nEva Kocn\u00e1rov\u00e1,\u00a0\u017derot\u00ednova 61, 13000 Praha 3, \u010cesk\u00e1 republika<br \/>\n3) do z\u00e1silky uve\u010fte d\u016fvod reklamace a Va\u0161\u00ed adresu<br \/>\n4) p\u0159ilo\u017ete k z\u00e1silce kopii dokladu o n\u00e1kupu reklamovan\u00e9ho tovaru v na\u0161em obchod\u011b.<\/p>\n<p>Po obdr\u017een\u00ed reklamovan\u00e9ho tovaru V\u00e1s budeme kontaktovat e-mailem nebo telefonicky<br \/>\nza \u00fa\u010delem vy\u0159e\u0161en\u00ed probl\u00e9mu. Na z\u00e1klad\u011b Va\u0161ich preferenc\u00ed V\u00e1m vr\u00e1cen\u00fd tovar vym\u011bn\u00edme nebo V\u00e1m<br \/>\nvr\u00e1t\u00edme p\u0159\u00edslu\u0161nou \u010d\u00e1stku za tovar. Na v\u0161echny v\u00fdrobky poskytujeme z\u00e1ru\u010dn\u00ed lh\u016ftu.<br \/>\nUpozor\u0148ujeme,\u00a0\u017ee na\u0161e z\u00e1ruka se t\u00fdk\u00e1 jenom nepo\u0161kozen\u00e9ho a nepou\u017eit\u00e9ho tovaru.<br \/>\nBude-li na v\u00fdrobku uskute\u010dn\u011bn\u00e1 \u00fadr\u017eba\u00a0(pran\u00ed, \u010di\u0161t\u011bn\u00ed), nen\u00ed d\u00e9le pova\u017eovan\u00fd za nepou\u017eit\u00fd.<br \/>\nReklama\u010dn\u00ed doba za\u010d\u00edn\u00e1 dnem, kdy prodejce z\u00e1silku s reklamac\u00ed p\u0159evzal a kon\u010d\u00ed dnem, kdy<br \/>\nprodejce z\u00e1silku s reklamovan\u00fdm tovarem odeslal (rozhoduje raz\u00edtko podac\u00ed po\u0161ty).<br \/>\nPo\u0161tovn\u00ed a baln\u00e9 prodejce nevrac\u00ed, stejn\u011b tak poplatky na doru\u010den\u00ed reklamovan\u00e9ho tovaru.<br \/>\nZa p\u0159\u00edpadnou ztr\u00e1tu z\u00e1silky reklamovan\u00e9ho zbo\u017e\u00ed od z\u00e1kazn\u00edka prodejce neodpov\u00edd\u00e1.<\/p>\n<p>Ochrana osobn\u00edch \u00fadaj\u016f:<br \/>\nKdy\u017e se stanete z\u00e1kazn\u00edkem na\u0161eho internetov\u00e9ho obchodu, d\u00e1v\u00e1te souhlas s t\u00edm, \u017ee \u00fadaje o V\u00e1s a Va\u0161ich<br \/>\nn\u00e1kupech\u00a0budou ule\u017een\u00e9 a pou\u017eit\u00e9 za \u00fa\u010delem zaji\u0161t\u011bn\u00ed dod\u00e1vky zbo\u017e\u00ed, vybaven\u00ed reklamac\u00ed a slou\u017e\u00ed i k Va\u0161\u00ed<br \/>\nzp\u011btn\u00e9 kontrole. Va\u0161e osobn\u00ed \u00fadaje, kter\u00e9 uv\u00e1d\u00edte v na\u0161em internetov\u00e9m obchod\u011b jsou d\u016fv\u011brn\u00e9 a v \u017e\u00e1dn\u00e9m p\u0159\u00edpad\u011b<br \/>\nnejsou poskytnuty dal\u0161\u00edm subjekt\u016fm. Va\u0161e kontaktn\u00ed \u00fadaje a informace o n\u00e1kupech jsou poskytnuty pouze<br \/>\ndoru\u010dovac\u00ed spole\u010dnosti, v p\u0159\u00edpad\u011b dopravy Va\u0161\u00ed z\u00e1silky pomoc\u00ed t\u00e9to slu\u017eby.<\/p>\n<p>Tyto Obchodn\u00ed podm\u00ednky vstupuj\u00ed do platnosti 23. 9. 2016<\/p>\n","protected":false},"excerpt":{"rendered":"<p>V\u0160EOBECN\u00cd OBCHODN\u00cd PODM\u00cdNKY 1. V\u0161eobecn\u00ed ustanoven\u00ed Prod\u00e1vaj\u00edc\u00ed: Eva Kocn\u00e1rov\u00e1 \u017derot\u00ednova 61 Praha 13000 \u010cesk\u00e1 republika I\u010c: 74928970 DI\u010c: CZ7662108608 Kontakt: hello@guapahome.com +420 737 080 247 Kupuj\u00edc\u00ed: Kupuj\u00edc\u00edm je fyzick\u00e1 nebo pr\u00e1vnick\u00e1 osoba, kter\u00e1 vstoupila do obchodn\u00edho vztahu s prod\u00e1vaj\u00edc\u00edm jako odb\u011bratel (z\u00e1kazn\u00edk) produkt\u016f od prod\u00e1vaj\u00edc\u00edho prost\u0159ednictv\u00edm internetov\u00e9ho obchodu, kter\u00fd je sou\u010d\u00e1st\u00ed webu www.guapahome.com. Kupuj\u00edc\u00ed potvrzen\u00edm &hellip;<\/p>\n","protected":false},"author":3,"featured_media":0,"parent":0,"menu_order":0,"comment_status":"closed","ping_status":"closed","template":"","meta":[],"_links":{"self":[{"href":"https:\/\/guapahome.com\/cs\/wp-json\/wp\/v2\/pages\/5516"}],"collection":[{"href":"https:\/\/guapahome.com\/cs\/wp-json\/wp\/v2\/pages"}],"about":[{"href":"https:\/\/guapahome.com\/cs\/wp-json\/wp\/v2\/types\/page"}],"author":[{"embeddable":true,"href":"https:\/\/guapahome.com\/cs\/wp-json\/wp\/v2\/users\/3"}],"replies":[{"embeddable":true,"href":"https:\/\/guapahome.com\/cs\/wp-json\/wp\/v2\/comments?post=5516"}],"version-history":[{"count":11,"href":"https:\/\/guapahome.com\/cs\/wp-json\/wp\/v2\/pages\/5516\/revisions"}],"predecessor-version":[{"id":6410,"href":"https:\/\/guapahome.com\/cs\/wp-json\/wp\/v2\/pages\/5516\/revisions\/6410"}],"wp:attachment":[{"href":"https:\/\/guapahome.com\/cs\/wp-json\/wp\/v2\/media?parent=5516"}],"curies":[{"name":"wp","href":"https:\/\/api.w.org\/{rel}","templated":true}]}}