{"id":5157,"date":"2017-12-01T14:54:57","date_gmt":"2017-12-01T14:54:57","guid":{"rendered":"https:\/\/guapahome.com\/?page_id=5157"},"modified":"2021-07-21T05:21:50","modified_gmt":"2021-07-21T05:21:50","slug":"tapety-e-shop","status":"publish","type":"page","link":"https:\/\/guapahome.com\/cs\/tapety-e-shop\/","title":{"rendered":"Tapety e-shop"},"content":{"rendered":"<p>TAPETY Vyu\u017eijte st\u011bny jako designov\u00fd prvek. Tapety Guapa zm\u011bn\u00ed vzhled i atmosf\u00e9ru Va\u0161eho interi\u00e9ru a dodaj\u00ed mu nov\u00fd p\u016fsobiv\u00fd rozm\u011br. Na vliesov\u00fdch tapet\u00e1ch s hladk\u00fdm povrchem (bez obsahu PVC) kr\u00e1sn\u011b vynikaj\u00ed elegantn\u00ed, hrav\u00e9, abstraktn\u00ed i geometrick\u00e9 vzory v pestr\u00e9 \u0161k\u00e1l <a href=\"https:\/\/guapahome.com\/cs\/tapety-e-shop\/\" title=\"Read more on Tapety e-shop\" class=\"more-link\">read more<\/a><\/p>\n","protected":false},"excerpt":{"rendered":"<p>TAPETY Vyu\u017eijte st\u011bny jako designov\u00fd prvek. Tapety Guapa zm\u011bn\u00ed vzhled i atmosf\u00e9ru Va\u0161eho interi\u00e9ru a dodaj\u00ed mu nov\u00fd p\u016fsobiv\u00fd rozm\u011br. Na vliesov\u00fdch tapet\u00e1ch s hladk\u00fdm povrchem (bez obsahu PVC) kr\u00e1sn\u011b vynikaj\u00ed elegantn\u00ed, hrav\u00e9, abstraktn\u00ed i geometrick\u00e9 vzory v pestr\u00e9 \u0161k\u00e1l read more<\/p>\n","protected":false},"author":3,"featured_media":0,"parent":0,"menu_order":0,"comment_status":"closed","ping_status":"closed","template":"","meta":[],"_links":{"self":[{"href":"https:\/\/guapahome.com\/cs\/wp-json\/wp\/v2\/pages\/5157"}],"collection":[{"href":"https:\/\/guapahome.com\/cs\/wp-json\/wp\/v2\/pages"}],"about":[{"href":"https:\/\/guapahome.com\/cs\/wp-json\/wp\/v2\/types\/page"}],"author":[{"embeddable":true,"href":"https:\/\/guapahome.com\/cs\/wp-json\/wp\/v2\/users\/3"}],"replies":[{"embeddable":true,"href":"https:\/\/guapahome.com\/cs\/wp-json\/wp\/v2\/comments?post=5157"}],"version-history":[{"count":5,"href":"https:\/\/guapahome.com\/cs\/wp-json\/wp\/v2\/pages\/5157\/revisions"}],"predecessor-version":[{"id":6470,"href":"https:\/\/guapahome.com\/cs\/wp-json\/wp\/v2\/pages\/5157\/revisions\/6470"}],"wp:attachment":[{"href":"https:\/\/guapahome.com\/cs\/wp-json\/wp\/v2\/media?parent=5157"}],"curies":[{"name":"wp","href":"https:\/\/api.w.org\/{rel}","templated":true}]}}