{"id":5145,"date":"2017-12-01T10:32:08","date_gmt":"2017-12-01T10:32:08","guid":{"rendered":"https:\/\/guapahome.com\/?page_id=5145"},"modified":"2017-12-11T10:25:30","modified_gmt":"2017-12-11T10:25:30","slug":"keper","status":"publish","type":"page","link":"https:\/\/guapahome.com\/cs\/latky\/keper\/","title":{"rendered":"Kepr"},"content":{"rendered":"<p>L\u00c1TKY &#8211; KEPR Kepr je pevn\u00e1 tkanina vhodn\u00e1 p\u0159edev\u0161\u00edm na potahy, puffy, pevn\u00e9 pol\u0161t\u00e1\u0159e. Barevn\u00e9 kombinace jednotliv\u00fdch dez\u00e9n\u016f je mo\u017en\u00e9 upravit a m\u011bnit dle Va\u0161ich preferenc\u00ed.\u00a0Kontaktujte n\u00e1s\u00a0a barvy V\u00e1m vylad\u00edme na m\u00edru. Minim\u00e1ln\u00ed objedn\u00e1vka je 5 m.<\/p>\n","protected":false},"excerpt":{"rendered":"<p>L\u00c1TKY &#8211; KEPR Kepr je pevn\u00e1 tkanina vhodn\u00e1 p\u0159edev\u0161\u00edm na potahy, puffy, pevn\u00e9 pol\u0161t\u00e1\u0159e. Barevn\u00e9 kombinace jednotliv\u00fdch dez\u00e9n\u016f je mo\u017en\u00e9 upravit a m\u011bnit dle Va\u0161ich preferenc\u00ed.\u00a0Kontaktujte n\u00e1s\u00a0a barvy V\u00e1m vylad\u00edme na m\u00edru. Minim\u00e1ln\u00ed objedn\u00e1vka je 5 m.<\/p>\n","protected":false},"author":3,"featured_media":0,"parent":5131,"menu_order":0,"comment_status":"closed","ping_status":"closed","template":"","meta":[],"_links":{"self":[{"href":"https:\/\/guapahome.com\/cs\/wp-json\/wp\/v2\/pages\/5145"}],"collection":[{"href":"https:\/\/guapahome.com\/cs\/wp-json\/wp\/v2\/pages"}],"about":[{"href":"https:\/\/guapahome.com\/cs\/wp-json\/wp\/v2\/types\/page"}],"author":[{"embeddable":true,"href":"https:\/\/guapahome.com\/cs\/wp-json\/wp\/v2\/users\/3"}],"replies":[{"embeddable":true,"href":"https:\/\/guapahome.com\/cs\/wp-json\/wp\/v2\/comments?post=5145"}],"version-history":[{"count":3,"href":"https:\/\/guapahome.com\/cs\/wp-json\/wp\/v2\/pages\/5145\/revisions"}],"predecessor-version":[{"id":5148,"href":"https:\/\/guapahome.com\/cs\/wp-json\/wp\/v2\/pages\/5145\/revisions\/5148"}],"up":[{"embeddable":true,"href":"https:\/\/guapahome.com\/cs\/wp-json\/wp\/v2\/pages\/5131"}],"wp:attachment":[{"href":"https:\/\/guapahome.com\/cs\/wp-json\/wp\/v2\/media?parent=5145"}],"curies":[{"name":"wp","href":"https:\/\/api.w.org\/{rel}","templated":true}]}}