{"id":5140,"date":"2017-12-01T10:24:20","date_gmt":"2017-12-01T10:24:20","guid":{"rendered":"https:\/\/guapahome.com\/?page_id=5140"},"modified":"2017-12-03T09:48:53","modified_gmt":"2017-12-03T09:48:53","slug":"bavlneny-saten","status":"publish","type":"page","link":"https:\/\/guapahome.com\/cs\/latky\/bavlneny-saten\/","title":{"rendered":"Bavln\u011bn\u00fd sat\u00e9n"},"content":{"rendered":"<p>L\u00c1TKY &#8211; BAVLN\u011aN\u00dd SAT\u00c9N Bavln\u011bn\u00fd sat\u00e9n je charakteristick\u00fd p\u0159\u00edrodn\u00edm leskem a je p\u0159\u00edjemn\u00fd na dotek. Je ide\u00e1ln\u00ed na z\u00e1v\u011bsy, lo\u017en\u00ed povle\u010den\u00ed, pol\u0161t\u00e1\u0159e a dal\u0161\u00ed textiln\u00ed dopl\u0148ky. Barevn\u00e9 kombinace jednotliv\u00fdch dez\u00e9n\u016f je mo\u017en\u00e9 upravit a m\u011bnit dle Va\u0161ich preferenc\u00ed.\u00a0Konta <a href=\"https:\/\/guapahome.com\/cs\/latky\/bavlneny-saten\/\" title=\"Read more on Bavln\u011bn\u00fd sat\u00e9n\" class=\"more-link\">read more<\/a><\/p>\n","protected":false},"excerpt":{"rendered":"<p>L\u00c1TKY &#8211; BAVLN\u011aN\u00dd SAT\u00c9N Bavln\u011bn\u00fd sat\u00e9n je charakteristick\u00fd p\u0159\u00edrodn\u00edm leskem a je p\u0159\u00edjemn\u00fd na dotek. Je ide\u00e1ln\u00ed na z\u00e1v\u011bsy, lo\u017en\u00ed povle\u010den\u00ed, pol\u0161t\u00e1\u0159e a dal\u0161\u00ed textiln\u00ed dopl\u0148ky. Barevn\u00e9 kombinace jednotliv\u00fdch dez\u00e9n\u016f je mo\u017en\u00e9 upravit a m\u011bnit dle Va\u0161ich preferenc\u00ed.\u00a0Konta read more<\/p>\n","protected":false},"author":3,"featured_media":0,"parent":5131,"menu_order":0,"comment_status":"closed","ping_status":"closed","template":"","meta":[],"_links":{"self":[{"href":"https:\/\/guapahome.com\/cs\/wp-json\/wp\/v2\/pages\/5140"}],"collection":[{"href":"https:\/\/guapahome.com\/cs\/wp-json\/wp\/v2\/pages"}],"about":[{"href":"https:\/\/guapahome.com\/cs\/wp-json\/wp\/v2\/types\/page"}],"author":[{"embeddable":true,"href":"https:\/\/guapahome.com\/cs\/wp-json\/wp\/v2\/users\/3"}],"replies":[{"embeddable":true,"href":"https:\/\/guapahome.com\/cs\/wp-json\/wp\/v2\/comments?post=5140"}],"version-history":[{"count":6,"href":"https:\/\/guapahome.com\/cs\/wp-json\/wp\/v2\/pages\/5140\/revisions"}],"predecessor-version":[{"id":5451,"href":"https:\/\/guapahome.com\/cs\/wp-json\/wp\/v2\/pages\/5140\/revisions\/5451"}],"up":[{"embeddable":true,"href":"https:\/\/guapahome.com\/cs\/wp-json\/wp\/v2\/pages\/5131"}],"wp:attachment":[{"href":"https:\/\/guapahome.com\/cs\/wp-json\/wp\/v2\/media?parent=5140"}],"curies":[{"name":"wp","href":"https:\/\/api.w.org\/{rel}","templated":true}]}}