{"id":5137,"date":"2017-12-01T10:18:49","date_gmt":"2017-12-01T10:18:49","guid":{"rendered":"https:\/\/guapahome.com\/?page_id=5137"},"modified":"2017-12-11T10:23:17","modified_gmt":"2017-12-11T10:23:17","slug":"bambus","status":"publish","type":"page","link":"https:\/\/guapahome.com\/cs\/latky\/bambus\/","title":{"rendered":"Bambus"},"content":{"rendered":"<p>L\u00c1TKY &#8211; BAMBUS Bambus je p\u0159\u00edrodn\u011b antiseptick\u00fd a m\u00e1 v\u00fdborn\u00e9 sav\u00e9 vlastnosti. Je vhodn\u00fd i pro d\u011bti a alergiky. L\u00e1tky vyroben\u00e9 z bambusu jsou jedny z nejheb\u010d\u00edch. Vl\u00e1kna se vyr\u00e1b\u00ed z bambusov\u00e9 masy podobn\u00fdm zp\u016fsobem jako visk\u00f3za. Barevn\u00e9 kombinace jednotliv\u00fdch dez\u00e9n\u016f  <a href=\"https:\/\/guapahome.com\/cs\/latky\/bambus\/\" title=\"Read more on Bambus\" class=\"more-link\">read more<\/a><\/p>\n","protected":false},"excerpt":{"rendered":"<p>L\u00c1TKY &#8211; BAMBUS Bambus je p\u0159\u00edrodn\u011b antiseptick\u00fd a m\u00e1 v\u00fdborn\u00e9 sav\u00e9 vlastnosti. Je vhodn\u00fd i pro d\u011bti a alergiky. L\u00e1tky vyroben\u00e9 z bambusu jsou jedny z nejheb\u010d\u00edch. Vl\u00e1kna se vyr\u00e1b\u00ed z bambusov\u00e9 masy podobn\u00fdm zp\u016fsobem jako visk\u00f3za. Barevn\u00e9 kombinace jednotliv\u00fdch dez\u00e9n\u016f read more<\/p>\n","protected":false},"author":3,"featured_media":0,"parent":5131,"menu_order":0,"comment_status":"closed","ping_status":"closed","template":"","meta":[],"_links":{"self":[{"href":"https:\/\/guapahome.com\/cs\/wp-json\/wp\/v2\/pages\/5137"}],"collection":[{"href":"https:\/\/guapahome.com\/cs\/wp-json\/wp\/v2\/pages"}],"about":[{"href":"https:\/\/guapahome.com\/cs\/wp-json\/wp\/v2\/types\/page"}],"author":[{"embeddable":true,"href":"https:\/\/guapahome.com\/cs\/wp-json\/wp\/v2\/users\/3"}],"replies":[{"embeddable":true,"href":"https:\/\/guapahome.com\/cs\/wp-json\/wp\/v2\/comments?post=5137"}],"version-history":[{"count":3,"href":"https:\/\/guapahome.com\/cs\/wp-json\/wp\/v2\/pages\/5137\/revisions"}],"predecessor-version":[{"id":5744,"href":"https:\/\/guapahome.com\/cs\/wp-json\/wp\/v2\/pages\/5137\/revisions\/5744"}],"up":[{"embeddable":true,"href":"https:\/\/guapahome.com\/cs\/wp-json\/wp\/v2\/pages\/5131"}],"wp:attachment":[{"href":"https:\/\/guapahome.com\/cs\/wp-json\/wp\/v2\/media?parent=5137"}],"curies":[{"name":"wp","href":"https:\/\/api.w.org\/{rel}","templated":true}]}}