{"id":5131,"date":"2017-12-01T10:12:25","date_gmt":"2017-12-01T10:12:25","guid":{"rendered":"https:\/\/guapahome.com\/?page_id=5131"},"modified":"2017-12-03T09:32:38","modified_gmt":"2017-12-03T09:32:38","slug":"latky","status":"publish","type":"page","link":"https:\/\/guapahome.com\/cs\/latky\/","title":{"rendered":"L\u00e1tky"},"content":{"rendered":"<p>L\u00c1TKY Guapa V\u00e1m nab\u00edz\u00ed kvalitn\u00ed l\u00e1tky do inter\u00e9riu i na oble\u010den\u00ed. Vyberte si z pestr\u00e9 \u0161k\u00e1ly vzor\u016f, kter\u00e9 aplikujeme na bambus,\u00a0vhodn\u00fd na pohodln\u00e9 oble\u010den\u00ed, na bavln\u011bn\u00fd sat\u00e9n, ktor\u00fd se hod\u00ed na z\u00e1v\u011bsy, pol\u0161t\u00e1\u0159e, puffy a na kepr, kter\u00fd je ide\u00e1ln\u00ed na potahy a \u010daloun\u011bn\u00ed. Min <a href=\"https:\/\/guapahome.com\/cs\/latky\/\" title=\"Read more on L\u00e1tky\" class=\"more-link\">read more<\/a><\/p>\n","protected":false},"excerpt":{"rendered":"<p>L\u00c1TKY Guapa V\u00e1m nab\u00edz\u00ed kvalitn\u00ed l\u00e1tky do inter\u00e9riu i na oble\u010den\u00ed. Vyberte si z pestr\u00e9 \u0161k\u00e1ly vzor\u016f, kter\u00e9 aplikujeme na bambus,\u00a0vhodn\u00fd na pohodln\u00e9 oble\u010den\u00ed, na bavln\u011bn\u00fd sat\u00e9n, ktor\u00fd se hod\u00ed na z\u00e1v\u011bsy, pol\u0161t\u00e1\u0159e, puffy a na kepr, kter\u00fd je ide\u00e1ln\u00ed na potahy a \u010daloun\u011bn\u00ed. Min read more<\/p>\n","protected":false},"author":3,"featured_media":0,"parent":0,"menu_order":0,"comment_status":"closed","ping_status":"closed","template":"","meta":[],"_links":{"self":[{"href":"https:\/\/guapahome.com\/cs\/wp-json\/wp\/v2\/pages\/5131"}],"collection":[{"href":"https:\/\/guapahome.com\/cs\/wp-json\/wp\/v2\/pages"}],"about":[{"href":"https:\/\/guapahome.com\/cs\/wp-json\/wp\/v2\/types\/page"}],"author":[{"embeddable":true,"href":"https:\/\/guapahome.com\/cs\/wp-json\/wp\/v2\/users\/3"}],"replies":[{"embeddable":true,"href":"https:\/\/guapahome.com\/cs\/wp-json\/wp\/v2\/comments?post=5131"}],"version-history":[{"count":6,"href":"https:\/\/guapahome.com\/cs\/wp-json\/wp\/v2\/pages\/5131\/revisions"}],"predecessor-version":[{"id":5446,"href":"https:\/\/guapahome.com\/cs\/wp-json\/wp\/v2\/pages\/5131\/revisions\/5446"}],"wp:attachment":[{"href":"https:\/\/guapahome.com\/cs\/wp-json\/wp\/v2\/media?parent=5131"}],"curies":[{"name":"wp","href":"https:\/\/api.w.org\/{rel}","templated":true}]}}