{"id":5119,"date":"2017-12-01T08:30:31","date_gmt":"2017-12-01T08:30:31","guid":{"rendered":"https:\/\/guapahome.com\/?page_id=5119"},"modified":"2017-12-02T18:27:12","modified_gmt":"2017-12-02T18:27:12","slug":"furoshiki","status":"publish","type":"page","link":"https:\/\/guapahome.com\/cs\/doplnky\/furoshiki\/","title":{"rendered":"Furoshiki"},"content":{"rendered":"<p>FUROSHIKI Vzorovan\u00fd a variabiln\u00ed \u0161\u00e1tek s rozmery 70 x 70 cm, ktor\u00fd m\u016f\u017eete pou\u017e\u00edt na origin\u00e1ln\u00ed balen\u00ed d\u00e1rk\u016f, jako ta\u0161ku, nebo jako dopln\u011bk k oble\u010den\u00ed. Furoshiki je tradi\u010dn\u00ed japonsk\u00fd zp\u016fsob balen\u00ed, na kter\u00fd sa pou\u017e\u00edv\u00e1 \u010dtvercov\u00fd \u0161\u00e1tek. Na\u0161e furoshiki jsou ze 100% bambusu.<\/p>\n","protected":false},"excerpt":{"rendered":"<p>FUROSHIKI Vzorovan\u00fd a variabiln\u00ed \u0161\u00e1tek s rozmery 70 x 70 cm, ktor\u00fd m\u016f\u017eete pou\u017e\u00edt na origin\u00e1ln\u00ed balen\u00ed d\u00e1rk\u016f, jako ta\u0161ku, nebo jako dopln\u011bk k oble\u010den\u00ed. Furoshiki je tradi\u010dn\u00ed japonsk\u00fd zp\u016fsob balen\u00ed, na kter\u00fd sa pou\u017e\u00edv\u00e1 \u010dtvercov\u00fd \u0161\u00e1tek. Na\u0161e furoshiki jsou ze 100% bambusu.<\/p>\n","protected":false},"author":3,"featured_media":0,"parent":5112,"menu_order":0,"comment_status":"closed","ping_status":"closed","template":"","meta":[],"_links":{"self":[{"href":"https:\/\/guapahome.com\/cs\/wp-json\/wp\/v2\/pages\/5119"}],"collection":[{"href":"https:\/\/guapahome.com\/cs\/wp-json\/wp\/v2\/pages"}],"about":[{"href":"https:\/\/guapahome.com\/cs\/wp-json\/wp\/v2\/types\/page"}],"author":[{"embeddable":true,"href":"https:\/\/guapahome.com\/cs\/wp-json\/wp\/v2\/users\/3"}],"replies":[{"embeddable":true,"href":"https:\/\/guapahome.com\/cs\/wp-json\/wp\/v2\/comments?post=5119"}],"version-history":[{"count":4,"href":"https:\/\/guapahome.com\/cs\/wp-json\/wp\/v2\/pages\/5119\/revisions"}],"predecessor-version":[{"id":5425,"href":"https:\/\/guapahome.com\/cs\/wp-json\/wp\/v2\/pages\/5119\/revisions\/5425"}],"up":[{"embeddable":true,"href":"https:\/\/guapahome.com\/cs\/wp-json\/wp\/v2\/pages\/5112"}],"wp:attachment":[{"href":"https:\/\/guapahome.com\/cs\/wp-json\/wp\/v2\/media?parent=5119"}],"curies":[{"name":"wp","href":"https:\/\/api.w.org\/{rel}","templated":true}]}}