{"id":5112,"date":"2017-11-30T16:10:43","date_gmt":"2017-11-30T16:10:43","guid":{"rendered":"https:\/\/guapahome.com\/?page_id=5112"},"modified":"2017-12-01T08:29:24","modified_gmt":"2017-12-01T08:29:24","slug":"doplnky","status":"publish","type":"page","link":"https:\/\/guapahome.com\/cs\/doplnky\/","title":{"rendered":"Dopl\u0148ky"},"content":{"rendered":"<p>DOPL\u0147KY PRO KR\u00c1SN\u00dd INTERI\u00c9R S Guapou m\u016f\u017eete vyladit interi\u00e9r skute\u010dn\u011b do detailu. Guapa dopl\u0148ky dotvo\u0159\u00ed V\u00e1\u0161 interi\u00e9r v harmonick\u00fd celek slad\u011bn\u00edm barev nebo v\u00fdb\u011brem konkr\u00e9tn\u00edho vzoru pro tapety, potahy, z\u00e1v\u011bsy, pol\u0161t\u00e1\u0159e. P\u0159\u00edjemn\u00fd relax a chv\u00edle dom\u00e1c\u00ed pohody si u\u017eijete v <a href=\"https:\/\/guapahome.com\/cs\/doplnky\/\" title=\"Read more on Dopl\u0148ky\" class=\"more-link\">read more<\/a><\/p>\n","protected":false},"excerpt":{"rendered":"<p>DOPL\u0147KY PRO KR\u00c1SN\u00dd INTERI\u00c9R S Guapou m\u016f\u017eete vyladit interi\u00e9r skute\u010dn\u011b do detailu. Guapa dopl\u0148ky dotvo\u0159\u00ed V\u00e1\u0161 interi\u00e9r v harmonick\u00fd celek slad\u011bn\u00edm barev nebo v\u00fdb\u011brem konkr\u00e9tn\u00edho vzoru pro tapety, potahy, z\u00e1v\u011bsy, pol\u0161t\u00e1\u0159e. P\u0159\u00edjemn\u00fd relax a chv\u00edle dom\u00e1c\u00ed pohody si u\u017eijete v read more<\/p>\n","protected":false},"author":3,"featured_media":0,"parent":0,"menu_order":0,"comment_status":"closed","ping_status":"closed","template":"","meta":[],"_links":{"self":[{"href":"https:\/\/guapahome.com\/cs\/wp-json\/wp\/v2\/pages\/5112"}],"collection":[{"href":"https:\/\/guapahome.com\/cs\/wp-json\/wp\/v2\/pages"}],"about":[{"href":"https:\/\/guapahome.com\/cs\/wp-json\/wp\/v2\/types\/page"}],"author":[{"embeddable":true,"href":"https:\/\/guapahome.com\/cs\/wp-json\/wp\/v2\/users\/3"}],"replies":[{"embeddable":true,"href":"https:\/\/guapahome.com\/cs\/wp-json\/wp\/v2\/comments?post=5112"}],"version-history":[{"count":3,"href":"https:\/\/guapahome.com\/cs\/wp-json\/wp\/v2\/pages\/5112\/revisions"}],"predecessor-version":[{"id":6487,"href":"https:\/\/guapahome.com\/cs\/wp-json\/wp\/v2\/pages\/5112\/revisions\/6487"}],"wp:attachment":[{"href":"https:\/\/guapahome.com\/cs\/wp-json\/wp\/v2\/media?parent=5112"}],"curies":[{"name":"wp","href":"https:\/\/api.w.org\/{rel}","templated":true}]}}