{"id":4972,"date":"2017-11-30T13:13:36","date_gmt":"2017-11-30T13:13:36","guid":{"rendered":"https:\/\/guapahome.com\/?page_id=4972"},"modified":"2018-05-20T19:59:39","modified_gmt":"2018-05-20T19:59:39","slug":"o-nas","status":"publish","type":"page","link":"https:\/\/guapahome.com\/cs\/o-nas\/","title":{"rendered":"O n\u00e1s"},"content":{"rendered":"<p>Guapa guapa\u00a0\u0161pan\u011blsk\u00e9 p\u0159\u00eddavn\u00e9 jm\u00e9no. 1. kr\u00e1sny: kr\u00e1sn\u00fd \u010dlov\u011bk, zjev, kr\u00e1sn\u00fd obraz, kr\u00e1sn\u00e1 p\u0159\u00edroda,\u00a0kr\u00e1sn\u00e1 hudba; kr\u00e1sn\u00e1 literatura, um\u011bleck\u00e1 literatura 2. hovor. p\u0159esahuj\u00edci pr\u016fm\u011br (m\u00edrou, kvalitou): kr\u00e1sn\u00e9\u00a0v\u00fdsledky, velice dobr\u00e9; kr\u00e1sn\u00fd v\u011bk &nbsp; Sasha &amp; Eva Stud <a href=\"https:\/\/guapahome.com\/cs\/o-nas\/\" title=\"Read more on O n\u00e1s\" class=\"more-link\">read more<\/a><\/p>\n","protected":false},"excerpt":{"rendered":"<p>Guapa guapa\u00a0\u0161pan\u011blsk\u00e9 p\u0159\u00eddavn\u00e9 jm\u00e9no. 1. kr\u00e1sny: kr\u00e1sn\u00fd \u010dlov\u011bk, zjev, kr\u00e1sn\u00fd obraz, kr\u00e1sn\u00e1 p\u0159\u00edroda,\u00a0kr\u00e1sn\u00e1 hudba; kr\u00e1sn\u00e1 literatura, um\u011bleck\u00e1 literatura 2. hovor. p\u0159esahuj\u00edci pr\u016fm\u011br (m\u00edrou, kvalitou): kr\u00e1sn\u00e9\u00a0v\u00fdsledky, velice dobr\u00e9; kr\u00e1sn\u00fd v\u011bk &nbsp; Sasha &amp; Eva Stud read more<\/p>\n","protected":false},"author":3,"featured_media":0,"parent":0,"menu_order":0,"comment_status":"closed","ping_status":"closed","template":"","meta":[],"_links":{"self":[{"href":"https:\/\/guapahome.com\/cs\/wp-json\/wp\/v2\/pages\/4972"}],"collection":[{"href":"https:\/\/guapahome.com\/cs\/wp-json\/wp\/v2\/pages"}],"about":[{"href":"https:\/\/guapahome.com\/cs\/wp-json\/wp\/v2\/types\/page"}],"author":[{"embeddable":true,"href":"https:\/\/guapahome.com\/cs\/wp-json\/wp\/v2\/users\/3"}],"replies":[{"embeddable":true,"href":"https:\/\/guapahome.com\/cs\/wp-json\/wp\/v2\/comments?post=4972"}],"version-history":[{"count":20,"href":"https:\/\/guapahome.com\/cs\/wp-json\/wp\/v2\/pages\/4972\/revisions"}],"predecessor-version":[{"id":6309,"href":"https:\/\/guapahome.com\/cs\/wp-json\/wp\/v2\/pages\/4972\/revisions\/6309"}],"wp:attachment":[{"href":"https:\/\/guapahome.com\/cs\/wp-json\/wp\/v2\/media?parent=4972"}],"curies":[{"name":"wp","href":"https:\/\/api.w.org\/{rel}","templated":true}]}}