{"id":4875,"date":"2017-11-19T09:15:33","date_gmt":"2017-11-19T09:15:33","guid":{"rendered":"https:\/\/www.guapahome.com\/?page_id=4875"},"modified":"2021-09-26T13:23:07","modified_gmt":"2021-09-26T13:23:07","slug":"domov","status":"publish","type":"page","link":"https:\/\/guapahome.com\/cs\/","title":{"rendered":"Domov"},"content":{"rendered":"<p>VYTVO\u0158TE SI KR\u00c1SNY INTERI\u00c9R Studio Guapa vytv\u00e1\u0159\u00ed tapety, l\u00e1tky a interi\u00e9rov\u00e9 dopl\u0148ky s&nbsp;autorsk\u00fdmi vzory, ve kter\u00fdch se propojuje ji\u017eansk\u00fd temperament se seversk\u00fdm minimalismem. Guapa design je charakteristick\u00fd pestrou \u0161k\u00e1lou barev a vyj\u00edme\u010dn\u00fdmi vzory, kter\u00e9 podn\u011bcu <a href=\"https:\/\/guapahome.com\/cs\/\" title=\"Read more on Domov\" class=\"more-link\">read more<\/a><\/p>\n","protected":false},"excerpt":{"rendered":"<p>VYTVO\u0158TE SI KR\u00c1SNY INTERI\u00c9R Studio Guapa vytv\u00e1\u0159\u00ed tapety, l\u00e1tky a interi\u00e9rov\u00e9 dopl\u0148ky s&nbsp;autorsk\u00fdmi vzory, ve kter\u00fdch se propojuje ji\u017eansk\u00fd temperament se seversk\u00fdm minimalismem. Guapa design je charakteristick\u00fd pestrou \u0161k\u00e1lou barev a vyj\u00edme\u010dn\u00fdmi vzory, kter\u00e9 podn\u011bcu read more<\/p>\n","protected":false},"author":1,"featured_media":0,"parent":0,"menu_order":0,"comment_status":"closed","ping_status":"closed","template":"","meta":[],"_links":{"self":[{"href":"https:\/\/guapahome.com\/cs\/wp-json\/wp\/v2\/pages\/4875"}],"collection":[{"href":"https:\/\/guapahome.com\/cs\/wp-json\/wp\/v2\/pages"}],"about":[{"href":"https:\/\/guapahome.com\/cs\/wp-json\/wp\/v2\/types\/page"}],"author":[{"embeddable":true,"href":"https:\/\/guapahome.com\/cs\/wp-json\/wp\/v2\/users\/1"}],"replies":[{"embeddable":true,"href":"https:\/\/guapahome.com\/cs\/wp-json\/wp\/v2\/comments?post=4875"}],"version-history":[{"count":14,"href":"https:\/\/guapahome.com\/cs\/wp-json\/wp\/v2\/pages\/4875\/revisions"}],"predecessor-version":[{"id":6486,"href":"https:\/\/guapahome.com\/cs\/wp-json\/wp\/v2\/pages\/4875\/revisions\/6486"}],"wp:attachment":[{"href":"https:\/\/guapahome.com\/cs\/wp-json\/wp\/v2\/media?parent=4875"}],"curies":[{"name":"wp","href":"https:\/\/api.w.org\/{rel}","templated":true}]}}